{"id":528,"date":"2023-06-20T16:24:26","date_gmt":"2023-06-20T22:24:26","guid":{"rendered":"https:\/\/soefe.com\/?page_id=528"},"modified":"2025-04-28T11:54:40","modified_gmt":"2025-04-28T17:54:40","slug":"contact-us","status":"publish","type":"page","link":"https:\/\/soefe.com\/en\/contact-us\/","title":{"rendered":"Contact Us"},"content":{"rendered":"\t\t<div data-elementor-type=\"wp-page\" data-elementor-id=\"528\" class=\"elementor elementor-528\" data-elementor-post-type=\"page\">\n\t\t\t\t\t\t<section class=\"elementor-section elementor-top-section elementor-element elementor-element-ac1d964 elementor-section-height-min-height elementor-section-items-bottom elementor-section-boxed elementor-section-height-default\" data-id=\"ac1d964\" data-element_type=\"section\" data-e-type=\"section\" data-settings=\"{&quot;background_background&quot;:&quot;classic&quot;}\">\n\t\t\t\t\t\t<div class=\"elementor-container elementor-column-gap-default\">\n\t\t\t\t\t<div class=\"elementor-column elementor-col-33 elementor-top-column elementor-element elementor-element-b05a0f2\" data-id=\"b05a0f2\" data-element_type=\"column\" data-e-type=\"column\">\n\t\t\t<div class=\"elementor-widget-wrap\">\n\t\t\t\t\t\t\t<\/div>\n\t\t<\/div>\n\t\t\t\t<div class=\"elementor-column elementor-col-33 elementor-top-column elementor-element elementor-element-06ec183\" data-id=\"06ec183\" data-element_type=\"column\" data-e-type=\"column\">\n\t\t\t<div class=\"elementor-widget-wrap elementor-element-populated\">\n\t\t\t\t\t\t<section class=\"elementor-section elementor-inner-section elementor-element elementor-element-e4e298a elementor-section-boxed elementor-section-height-default elementor-section-height-default\" data-id=\"e4e298a\" data-element_type=\"section\" data-e-type=\"section\">\n\t\t\t\t\t\t<div class=\"elementor-container elementor-column-gap-default\">\n\t\t\t\t\t<div class=\"elementor-column elementor-col-100 elementor-inner-column elementor-element elementor-element-90f7d2e\" data-id=\"90f7d2e\" data-element_type=\"column\" data-e-type=\"column\">\n\t\t\t<div class=\"elementor-widget-wrap elementor-element-populated\">\n\t\t\t\t\t\t<div class=\"elementor-element elementor-element-44a4666 elementor-widget elementor-widget-heading\" data-id=\"44a4666\" data-element_type=\"widget\" data-e-type=\"widget\" data-widget_type=\"heading.default\">\n\t\t\t\t<div class=\"elementor-widget-container\">\n\t\t\t\t\t<h2 class=\"elementor-heading-title elementor-size-default\">Cont\u00e1ctanos<\/h2>\t\t\t\t<\/div>\n\t\t\t\t<\/div>\n\t\t\t\t\t<\/div>\n\t\t<\/div>\n\t\t\t\t\t<\/div>\n\t\t<\/section>\n\t\t\t\t\t<\/div>\n\t\t<\/div>\n\t\t\t\t<div class=\"elementor-column elementor-col-33 elementor-top-column elementor-element elementor-element-c4d3082\" data-id=\"c4d3082\" data-element_type=\"column\" data-e-type=\"column\">\n\t\t\t<div class=\"elementor-widget-wrap\">\n\t\t\t\t\t\t\t<\/div>\n\t\t<\/div>\n\t\t\t\t\t<\/div>\n\t\t<\/section>\n\t\t\t\t<section class=\"elementor-section elementor-top-section elementor-element elementor-element-b3f29a3 elementor-section-boxed elementor-section-height-default elementor-section-height-default\" data-id=\"b3f29a3\" data-element_type=\"section\" data-e-type=\"section\" data-settings=\"{&quot;background_background&quot;:&quot;classic&quot;}\">\n\t\t\t\t\t\t<div class=\"elementor-container elementor-column-gap-default\">\n\t\t\t\t\t<div class=\"elementor-column elementor-col-33 elementor-top-column elementor-element elementor-element-0c9623b\" data-id=\"0c9623b\" data-element_type=\"column\" data-e-type=\"column\">\n\t\t\t<div class=\"elementor-widget-wrap\">\n\t\t\t\t\t\t\t<\/div>\n\t\t<\/div>\n\t\t\t\t<div class=\"elementor-column elementor-col-33 elementor-top-column elementor-element elementor-element-644ecdb\" data-id=\"644ecdb\" data-element_type=\"column\" data-e-type=\"column\">\n\t\t\t<div class=\"elementor-widget-wrap elementor-element-populated\">\n\t\t\t\t\t\t<section class=\"elementor-section elementor-inner-section elementor-element elementor-element-b98fe5a elementor-section-boxed elementor-section-height-default elementor-section-height-default\" data-id=\"b98fe5a\" data-element_type=\"section\" data-e-type=\"section\">\n\t\t\t\t\t\t<div class=\"elementor-container elementor-column-gap-default\">\n\t\t\t\t\t<div class=\"elementor-column elementor-col-33 elementor-inner-column elementor-element elementor-element-814f18b\" data-id=\"814f18b\" data-element_type=\"column\" data-e-type=\"column\" data-settings=\"{&quot;background_background&quot;:&quot;classic&quot;}\">\n\t\t\t<div class=\"elementor-widget-wrap elementor-element-populated\">\n\t\t\t\t\t\t<section class=\"elementor-section elementor-inner-section elementor-element elementor-element-b75e351 elementor-section-boxed elementor-section-height-default elementor-section-height-default\" data-id=\"b75e351\" data-element_type=\"section\" data-e-type=\"section\">\n\t\t\t\t\t\t<div class=\"elementor-container elementor-column-gap-default\">\n\t\t\t\t\t<div class=\"elementor-column elementor-col-100 elementor-inner-column elementor-element elementor-element-582a1ad\" data-id=\"582a1ad\" data-element_type=\"column\" data-e-type=\"column\">\n\t\t\t<div class=\"elementor-widget-wrap elementor-element-populated\">\n\t\t\t\t\t\t<div class=\"elementor-element elementor-element-957678f elementor-widget elementor-widget-heading\" data-id=\"957678f\" data-element_type=\"widget\" data-e-type=\"widget\" data-widget_type=\"heading.default\">\n\t\t\t\t<div class=\"elementor-widget-container\">\n\t\t\t\t\t<h2 class=\"elementor-heading-title elementor-size-default\">Cont\u00e1ctanos<\/h2>\t\t\t\t<\/div>\n\t\t\t\t<\/div>\n\t\t\t\t\t<\/div>\n\t\t<\/div>\n\t\t\t\t\t<\/div>\n\t\t<\/section>\n\t\t\t\t<section class=\"elementor-section elementor-inner-section elementor-element elementor-element-14092fb elementor-section-boxed elementor-section-height-default elementor-section-height-default\" data-id=\"14092fb\" data-element_type=\"section\" data-e-type=\"section\">\n\t\t\t\t\t\t<div class=\"elementor-container elementor-column-gap-default\">\n\t\t\t\t\t<div class=\"elementor-column elementor-col-100 elementor-inner-column elementor-element elementor-element-c5c5468\" data-id=\"c5c5468\" data-element_type=\"column\" data-e-type=\"column\">\n\t\t\t<div class=\"elementor-widget-wrap elementor-element-populated\">\n\t\t\t\t\t\t<div class=\"elementor-element elementor-element-e88ce87 elementor-widget elementor-widget-heading\" data-id=\"e88ce87\" data-element_type=\"widget\" data-e-type=\"widget\" data-widget_type=\"heading.default\">\n\t\t\t\t<div class=\"elementor-widget-container\">\n\t\t\t\t\t<h2 class=\"elementor-heading-title elementor-size-default\">Ll\u00e1manos<\/h2>\t\t\t\t<\/div>\n\t\t\t\t<\/div>\n\t\t\t\t<div class=\"elementor-element elementor-element-1df17ab elementor-widget elementor-widget-text-editor\" data-id=\"1df17ab\" data-element_type=\"widget\" data-e-type=\"widget\" data-widget_type=\"text-editor.default\">\n\t\t\t\t<div class=\"elementor-widget-container\">\n\t\t\t\t\t\t\t\t\t<p>CR: +(506) 8874-2197<\/p>\t\t\t\t\t\t\t\t<\/div>\n\t\t\t\t<\/div>\n\t\t\t\t\t<\/div>\n\t\t<\/div>\n\t\t\t\t\t<\/div>\n\t\t<\/section>\n\t\t\t\t<section class=\"elementor-section elementor-inner-section elementor-element elementor-element-6618330 elementor-section-boxed elementor-section-height-default elementor-section-height-default\" data-id=\"6618330\" data-element_type=\"section\" data-e-type=\"section\">\n\t\t\t\t\t\t<div class=\"elementor-container elementor-column-gap-default\">\n\t\t\t\t\t<div class=\"elementor-column elementor-col-33 elementor-inner-column elementor-element elementor-element-55942c0\" data-id=\"55942c0\" data-element_type=\"column\" data-e-type=\"column\">\n\t\t\t<div class=\"elementor-widget-wrap elementor-element-populated\">\n\t\t\t\t\t\t<div class=\"elementor-element elementor-element-559494c elementor-shape-rounded elementor-grid-0 e-grid-align-center elementor-widget elementor-widget-social-icons\" data-id=\"559494c\" data-element_type=\"widget\" data-e-type=\"widget\" data-widget_type=\"social-icons.default\">\n\t\t\t\t<div class=\"elementor-widget-container\">\n\t\t\t\t\t\t\t<div class=\"elementor-social-icons-wrapper elementor-grid\">\n\t\t\t\t\t\t\t<span class=\"elementor-grid-item\">\n\t\t\t\t\t<a class=\"elementor-icon elementor-social-icon elementor-social-icon- elementor-repeater-item-7af2179\" href=\"https:\/\/www.instagram.com\/softwaresoefe\/?hl=es\" target=\"_blank\">\n\t\t\t\t\t\t<span class=\"elementor-screen-only\"><\/span>\n\t\t\t\t\t\t<svg xmlns=\"http:\/\/www.w3.org\/2000\/svg\" width=\"35\" height=\"35\" viewBox=\"0 0 35 35\" fill=\"none\"><g clip-path=\"url(#clip0_555_143)\"><path d=\"M17.5 3.15272C22.1724 3.15272 22.7271 3.16872 24.5726 3.25408C26.2794 3.32876 27.2074 3.61683 27.8208 3.85688C28.6369 4.17162 29.2183 4.55571 29.8316 5.16385C30.445 5.77732 30.8237 6.35879 31.1384 7.17497C31.3784 7.79378 31.6611 8.71666 31.7411 10.4237C31.8265 12.2695 31.8425 12.8243 31.8425 17.4973C31.8425 22.1704 31.8265 22.7252 31.7411 24.5709C31.6611 26.278 31.3784 27.2062 31.1384 27.8197C30.8184 28.6359 30.4397 29.2173 29.8316 29.8308C29.2183 30.4443 28.6369 30.823 27.8208 31.1378C27.2021 31.3778 26.2794 31.6606 24.5726 31.7406C22.7271 31.8259 22.1724 31.8419 17.5 31.8419C12.8277 31.8419 12.273 31.8259 10.4275 31.7406C8.7207 31.6606 7.79263 31.3778 7.17925 31.1378C6.36319 30.823 5.78181 30.439 5.16843 29.8308C4.55505 29.2173 4.17636 28.6359 3.86166 27.8197C3.62165 27.2009 3.33896 26.278 3.25895 24.5709C3.17361 22.7252 3.15761 22.1704 3.15761 17.4973C3.15761 12.8243 3.17361 12.2695 3.25895 10.4237C3.33896 8.71666 3.62165 7.78845 3.86166 7.17497C4.18169 6.35879 4.56038 5.77732 5.16843 5.16385C5.78181 4.55037 6.36319 4.17162 7.17925 3.85688C7.79796 3.61683 8.7207 3.3341 10.4275 3.25408C12.273 3.16872 12.8277 3.15272 17.5 3.15272ZM17.5 0C12.7477 0 12.1503 0.0213382 10.2835 0.106691C8.42201 0.192044 7.14725 0.485444 6.03783 0.922878C4.88574 1.37098 3.90967 1.96845 2.93893 2.93934C1.96819 3.91023 1.36547 4.88645 0.922774 6.03871C0.490741 7.15363 0.192052 8.42326 0.112046 10.285C0.026706 12.1521 0.00537109 12.7496 0.00537109 17.5027C0.00537109 22.2558 0.026706 22.8532 0.112046 24.7203C0.197386 26.5821 0.490741 27.857 0.922774 28.9666C1.37081 30.1189 1.96819 31.0951 2.93893 32.066C3.90967 33.0369 4.88574 33.6397 6.03783 34.0825C7.15258 34.5146 8.42201 34.8133 10.2835 34.8933C12.1503 34.9787 12.7477 35 17.5 35C22.2524 35 22.8498 34.9787 24.7166 34.8933C26.5781 34.808 27.8475 34.5146 28.9622 34.0825C30.1143 33.6344 31.0904 33.0369 32.0611 32.066C33.0319 31.0951 33.6346 30.1189 34.0773 28.9666C34.5093 27.8517 34.808 26.5821 34.888 24.7203C34.9734 22.8532 34.9947 22.2558 34.9947 17.5027C34.9947 12.7496 34.9734 12.1521 34.888 10.285C34.8027 8.42326 34.5093 7.1483 34.0773 6.03871C33.6293 4.88645 33.0319 3.91023 32.0611 2.93934C31.0904 1.96845 30.1143 1.37098 28.9622 0.922878C27.8475 0.490779 26.5781 0.192044 24.7166 0.106691C22.8498 0.0213382 22.2524 0 17.5 0Z\" fill=\"#FA9887\"><\/path><path d=\"M17.5 8.51392C12.5397 8.51392 8.5127 12.5362 8.5127 17.5026C8.5127 22.4691 12.5343 26.4914 17.5 26.4914C22.4658 26.4914 26.4874 22.4691 26.4874 17.5026C26.4874 12.5362 22.4658 8.51392 17.5 8.51392ZM17.5 23.3333C14.2785 23.3333 11.6649 20.7194 11.6649 17.4973C11.6649 14.2752 14.2785 11.6613 17.5 11.6613C20.7216 11.6613 23.3298 14.2752 23.3298 17.4973C23.3298 20.7194 20.7163 23.3333 17.5 23.3333Z\" fill=\"#FA9887\"><\/path><path d=\"M28.9409 8.16187C28.9409 9.31947 28.0022 10.2637 26.8394 10.2637C25.6767 10.2637 24.7379 9.32481 24.7379 8.16187C24.7379 6.99894 25.6767 6.06006 26.8394 6.06006C28.0022 6.06006 28.9409 6.99894 28.9409 8.16187Z\" fill=\"#FA9887\"><\/path><\/g><defs><clipPath id=\"clip0_555_143\"><rect width=\"35\" height=\"35\" fill=\"white\"><\/rect><\/clipPath><\/defs><\/svg>\t\t\t\t\t<\/a>\n\t\t\t\t<\/span>\n\t\t\t\t\t<\/div>\n\t\t\t\t\t\t<\/div>\n\t\t\t\t<\/div>\n\t\t\t\t\t<\/div>\n\t\t<\/div>\n\t\t\t\t<div class=\"elementor-column elementor-col-33 elementor-inner-column elementor-element elementor-element-f61ca5e\" data-id=\"f61ca5e\" data-element_type=\"column\" data-e-type=\"column\">\n\t\t\t<div class=\"elementor-widget-wrap elementor-element-populated\">\n\t\t\t\t\t\t<div class=\"elementor-element elementor-element-30984d2 elementor-shape-rounded elementor-grid-0 e-grid-align-center elementor-widget elementor-widget-social-icons\" data-id=\"30984d2\" data-element_type=\"widget\" data-e-type=\"widget\" data-widget_type=\"social-icons.default\">\n\t\t\t\t<div class=\"elementor-widget-container\">\n\t\t\t\t\t\t\t<div class=\"elementor-social-icons-wrapper elementor-grid\">\n\t\t\t\t\t\t\t<span class=\"elementor-grid-item\">\n\t\t\t\t\t<a class=\"elementor-icon elementor-social-icon elementor-social-icon- elementor-repeater-item-666409b\" href=\"https:\/\/www.facebook.com\/softwaresoefe\" target=\"_blank\">\n\t\t\t\t\t\t<span class=\"elementor-screen-only\"><\/span>\n\t\t\t\t\t\t<svg xmlns=\"http:\/\/www.w3.org\/2000\/svg\" width=\"17\" height=\"33\" viewBox=\"0 0 17 33\" fill=\"none\"><g clip-path=\"url(#clip0_555_141)\"><path d=\"M11.0365 33V17.9454H16.0475L16.7981 12.0802H11.0365V8.33349C11.0365 6.63757 11.5024 5.47913 13.9199 5.47913H17V0.229602C16.4668 0.156546 14.6395 0 12.5119 0C8.07034 0 5.02649 2.73435 5.02649 7.75427V12.0802H0V17.9454H5.02649V33H11.0365Z\" fill=\"#FA9887\"><\/path><\/g><defs><clipPath id=\"clip0_555_141\"><rect width=\"17\" height=\"33\" fill=\"white\"><\/rect><\/clipPath><\/defs><\/svg>\t\t\t\t\t<\/a>\n\t\t\t\t<\/span>\n\t\t\t\t\t<\/div>\n\t\t\t\t\t\t<\/div>\n\t\t\t\t<\/div>\n\t\t\t\t\t<\/div>\n\t\t<\/div>\n\t\t\t\t<div class=\"elementor-column elementor-col-33 elementor-inner-column elementor-element elementor-element-38a0d3f\" data-id=\"38a0d3f\" data-element_type=\"column\" data-e-type=\"column\">\n\t\t\t<div class=\"elementor-widget-wrap elementor-element-populated\">\n\t\t\t\t\t\t<div class=\"elementor-element elementor-element-919b073 elementor-shape-rounded elementor-grid-0 e-grid-align-center elementor-widget elementor-widget-social-icons\" data-id=\"919b073\" data-element_type=\"widget\" data-e-type=\"widget\" data-widget_type=\"social-icons.default\">\n\t\t\t\t<div class=\"elementor-widget-container\">\n\t\t\t\t\t\t\t<div class=\"elementor-social-icons-wrapper elementor-grid\">\n\t\t\t\t\t\t\t<span class=\"elementor-grid-item\">\n\t\t\t\t\t<a class=\"elementor-icon elementor-social-icon elementor-social-icon- elementor-repeater-item-715eb6d\" href=\"https:\/\/www.linkedin.com\/company\/software-soefe-sa\/about\/\" target=\"_blank\">\n\t\t\t\t\t\t<span class=\"elementor-screen-only\"><\/span>\n\t\t\t\t\t\t<svg xmlns=\"http:\/\/www.w3.org\/2000\/svg\" width=\"29\" height=\"29\" viewBox=\"0 0 29 29\" fill=\"none\"><g clip-path=\"url(#clip0_555_147)\"><path d=\"M0.474811 9.63183H6.49082V29H0.474811V9.63183ZM3.48543 0C5.41076 0 6.97085 1.56262 6.97085 3.49108C6.97085 5.41954 5.41076 6.98216 3.48543 6.98216C1.56009 6.98216 0 5.41954 0 3.49108C0 1.56262 1.55488 0 3.48543 0Z\" fill=\"#FA9887\"><\/path><path d=\"M10.2632 9.63179H16.0235V12.2762H16.107C16.9105 10.7554 18.8724 9.14575 21.7943 9.14575C27.8729 9.14575 29 13.1542 29 18.3752V29H22.9944V19.5824C22.9944 17.3352 22.9526 14.4451 19.869 14.4451C16.7853 14.4451 16.2635 16.8909 16.2635 19.4204V29H10.2632V9.63179Z\" fill=\"#FA9887\"><\/path><\/g><defs><clipPath id=\"clip0_555_147\"><rect width=\"29\" height=\"29\" fill=\"white\"><\/rect><\/clipPath><\/defs><\/svg>\t\t\t\t\t<\/a>\n\t\t\t\t<\/span>\n\t\t\t\t\t<\/div>\n\t\t\t\t\t\t<\/div>\n\t\t\t\t<\/div>\n\t\t\t\t\t<\/div>\n\t\t<\/div>\n\t\t\t\t\t<\/div>\n\t\t<\/section>\n\t\t\t\t\t<\/div>\n\t\t<\/div>\n\t\t\t\t<div class=\"elementor-column elementor-col-33 elementor-inner-column elementor-element elementor-element-f5c9b8b\" data-id=\"f5c9b8b\" data-element_type=\"column\" data-e-type=\"column\" data-settings=\"{&quot;background_background&quot;:&quot;classic&quot;}\">\n\t\t\t<div class=\"elementor-widget-wrap elementor-element-populated\">\n\t\t\t\t\t\t<div class=\"elementor-element elementor-element-6879b81 elementor-widget elementor-widget-spacer\" data-id=\"6879b81\" data-element_type=\"widget\" data-e-type=\"widget\" data-widget_type=\"spacer.default\">\n\t\t\t\t<div class=\"elementor-widget-container\">\n\t\t\t\t\t\t\t<div class=\"elementor-spacer\">\n\t\t\t<div class=\"elementor-spacer-inner\"><\/div>\n\t\t<\/div>\n\t\t\t\t\t\t<\/div>\n\t\t\t\t<\/div>\n\t\t\t\t\t<\/div>\n\t\t<\/div>\n\t\t\t\t<div class=\"elementor-column elementor-col-33 elementor-inner-column elementor-element elementor-element-f85e6cc\" data-id=\"f85e6cc\" data-element_type=\"column\" data-e-type=\"column\" data-settings=\"{&quot;background_background&quot;:&quot;classic&quot;}\">\n\t\t\t<div class=\"elementor-widget-wrap elementor-element-populated\">\n\t\t\t\t\t\t<div class=\"elementor-element elementor-element-7e81b9d elementor-button-align-start elementor-widget elementor-widget-global elementor-global-533 elementor-widget-form\" data-id=\"7e81b9d\" data-element_type=\"widget\" data-e-type=\"widget\" data-settings=\"{&quot;step_next_label&quot;:&quot;Next&quot;,&quot;step_previous_label&quot;:&quot;Previous&quot;,&quot;button_width&quot;:&quot;50&quot;,&quot;step_type&quot;:&quot;number_text&quot;,&quot;step_icon_shape&quot;:&quot;circle&quot;}\" data-widget_type=\"form.default\">\n\t\t\t\t<div class=\"elementor-widget-container\">\n\t\t\t\t\t\t\t<form class=\"elementor-form\" method=\"post\" name=\"New Form\" aria-label=\"New Form\">\n\t\t\t<input type=\"hidden\" name=\"post_id\" value=\"528\"\/>\n\t\t\t<input type=\"hidden\" name=\"form_id\" value=\"7e81b9d\"\/>\n\t\t\t<input type=\"hidden\" name=\"referer_title\" value=\"Soefe\" \/>\n\n\t\t\t\n\t\t\t<div class=\"elementor-form-fields-wrapper elementor-labels-above\">\n\t\t\t\t\t\t\t\t<div class=\"elementor-field-type-text elementor-field-group elementor-column elementor-field-group-name elementor-col-100 elementor-field-required elementor-mark-required\">\n\t\t\t\t\t\t\t\t\t\t\t\t<label for=\"form-field-name\" class=\"elementor-field-label\">\n\t\t\t\t\t\t\t\tNombre\t\t\t\t\t\t\t<\/label>\n\t\t\t\t\t\t\t\t\t\t\t\t\t\t<input size=\"1\" type=\"text\" name=\"form_fields[name]\" id=\"form-field-name\" class=\"elementor-field elementor-size-sm  elementor-field-textual\" placeholder=\" Nombre Completo\" required=\"required\">\n\t\t\t\t\t\t\t\t\t\t\t<\/div>\n\t\t\t\t\t\t\t\t<div class=\"elementor-field-type-tel elementor-field-group elementor-column elementor-field-group-field_38d53ca elementor-col-100\">\n\t\t\t\t\t\t\t\t\t\t\t\t<label for=\"form-field-field_38d53ca\" class=\"elementor-field-label\">\n\t\t\t\t\t\t\t\tWhatsapp\t\t\t\t\t\t\t<\/label>\n\t\t\t\t\t\t\t\t<input size=\"1\" type=\"tel\" name=\"form_fields[field_38d53ca]\" id=\"form-field-field_38d53ca\" class=\"elementor-field elementor-size-sm  elementor-field-textual\" placeholder=\"Escribe tu n\u00famero de whatsapp con el c\u00f3digo de pa\u00eds incluido\" pattern=\"[0-9()#&amp;+*-=.]+\" title=\"Only numbers and phone characters (#, -, *, etc) are accepted.\">\n\n\t\t\t\t\t\t<\/div>\n\t\t\t\t\t\t\t\t<div class=\"elementor-field-type-email elementor-field-group elementor-column elementor-field-group-email elementor-col-100 elementor-field-required elementor-mark-required\">\n\t\t\t\t\t\t\t\t\t\t\t\t<label for=\"form-field-email\" class=\"elementor-field-label\">\n\t\t\t\t\t\t\t\tCorreo Electr\u00f3nico \t\t\t\t\t\t\t<\/label>\n\t\t\t\t\t\t\t\t\t\t\t\t\t\t<input size=\"1\" type=\"email\" name=\"form_fields[email]\" id=\"form-field-email\" class=\"elementor-field elementor-size-sm  elementor-field-textual\" placeholder=\"Correo Electr\u00f3nico \" required=\"required\">\n\t\t\t\t\t\t\t\t\t\t\t<\/div>\n\t\t\t\t\t\t\t\t<div class=\"elementor-field-type-textarea elementor-field-group elementor-column elementor-field-group-message elementor-col-100\">\n\t\t\t\t\t\t\t\t\t\t\t\t<label for=\"form-field-message\" class=\"elementor-field-label\">\n\t\t\t\t\t\t\t\tMensaje\t\t\t\t\t\t\t<\/label>\n\t\t\t\t\t\t<textarea class=\"elementor-field-textual elementor-field  elementor-size-sm\" name=\"form_fields[message]\" id=\"form-field-message\" rows=\"2\" placeholder=\"Escribe tu Mensaje\"><\/textarea>\t\t\t\t<\/div>\n\t\t\t\t\t\t\t\t<div class=\"elementor-field-group elementor-column elementor-field-type-submit elementor-col-50 e-form__buttons\">\n\t\t\t\t\t<button class=\"elementor-button elementor-size-sm\" type=\"submit\">\n\t\t\t\t\t\t<span class=\"elementor-button-content-wrapper\">\n\t\t\t\t\t\t\t\t\t\t\t\t\t\t\t\t\t\t\t\t\t\t<span class=\"elementor-button-text\">Enviar<\/span>\n\t\t\t\t\t\t\t\t\t\t\t\t\t<\/span>\n\t\t\t\t\t<\/button>\n\t\t\t\t<\/div>\n\t\t\t<\/div>\n\t\t<\/form>\n\t\t\t\t\t\t<\/div>\n\t\t\t\t<\/div>\n\t\t\t\t\t<\/div>\n\t\t<\/div>\n\t\t\t\t\t<\/div>\n\t\t<\/section>\n\t\t\t\t\t<\/div>\n\t\t<\/div>\n\t\t\t\t<div class=\"elementor-column elementor-col-33 elementor-top-column elementor-element elementor-element-32b8ff6\" data-id=\"32b8ff6\" data-element_type=\"column\" data-e-type=\"column\">\n\t\t\t<div class=\"elementor-widget-wrap\">\n\t\t\t\t\t\t\t<\/div>\n\t\t<\/div>\n\t\t\t\t\t<\/div>\n\t\t<\/section>\n\t\t\t\t<\/div>\n\t\t","protected":false},"excerpt":{"rendered":"<p>Cont\u00e1ctanos Cont\u00e1ctanos Ll\u00e1manos CR: +(506) 8874-2197<\/p>","protected":false},"author":1,"featured_media":0,"parent":0,"menu_order":0,"comment_status":"closed","ping_status":"closed","template":"","meta":{"footnotes":""},"class_list":["post-528","page","type-page","status-publish","hentry"],"yoast_head":"<!-- This site is optimized with the Yoast SEO plugin v27.1.1 - https:\/\/yoast.com\/product\/yoast-seo-wordpress\/ -->\n<title>Contact Us - Soefe<\/title>\n<meta name=\"robots\" content=\"index, follow, max-snippet:-1, max-image-preview:large, max-video-preview:-1\" \/>\n<link rel=\"canonical\" href=\"https:\/\/soefe.com\/en\/contact-us\/\" \/>\n<meta property=\"og:locale\" content=\"en_US\" \/>\n<meta property=\"og:type\" content=\"article\" \/>\n<meta property=\"og:title\" content=\"Contact Us - Soefe\" \/>\n<meta property=\"og:description\" content=\"Cont\u00e1ctanos Cont\u00e1ctanos Ll\u00e1manos CR: +(506) 8874-2197\" \/>\n<meta property=\"og:url\" content=\"https:\/\/soefe.com\/en\/contact-us\/\" \/>\n<meta property=\"og:site_name\" content=\"Soefe\" \/>\n<meta property=\"article:modified_time\" content=\"2025-04-28T17:54:40+00:00\" \/>\n<meta name=\"twitter:card\" content=\"summary_large_image\" \/>\n<meta name=\"twitter:label1\" content=\"Est. reading time\" \/>\n\t<meta name=\"twitter:data1\" content=\"1 minute\" \/>\n<script type=\"application\/ld+json\" class=\"yoast-schema-graph\">{\"@context\":\"https:\/\/schema.org\",\"@graph\":[{\"@type\":\"WebPage\",\"@id\":\"https:\/\/soefe.com\/contact-us\/\",\"url\":\"https:\/\/soefe.com\/contact-us\/\",\"name\":\"Contact Us - Soefe\",\"isPartOf\":{\"@id\":\"https:\/\/soefe.com\/#website\"},\"datePublished\":\"2023-06-20T22:24:26+00:00\",\"dateModified\":\"2025-04-28T17:54:40+00:00\",\"breadcrumb\":{\"@id\":\"https:\/\/soefe.com\/contact-us\/#breadcrumb\"},\"inLanguage\":\"en-US\",\"potentialAction\":[{\"@type\":\"ReadAction\",\"target\":[\"https:\/\/soefe.com\/contact-us\/\"]}]},{\"@type\":\"BreadcrumbList\",\"@id\":\"https:\/\/soefe.com\/contact-us\/#breadcrumb\",\"itemListElement\":[{\"@type\":\"ListItem\",\"position\":1,\"name\":\"Portada\",\"item\":\"https:\/\/soefe.com\/\"},{\"@type\":\"ListItem\",\"position\":2,\"name\":\"Contact Us\"}]},{\"@type\":\"WebSite\",\"@id\":\"https:\/\/soefe.com\/#website\",\"url\":\"https:\/\/soefe.com\/\",\"name\":\"Soefe\",\"description\":\"Software solutions for your company or business, software leasing and custom development\",\"publisher\":{\"@id\":\"https:\/\/soefe.com\/#organization\"},\"potentialAction\":[{\"@type\":\"SearchAction\",\"target\":{\"@type\":\"EntryPoint\",\"urlTemplate\":\"https:\/\/soefe.com\/?s={search_term_string}\"},\"query-input\":{\"@type\":\"PropertyValueSpecification\",\"valueRequired\":true,\"valueName\":\"search_term_string\"}}],\"inLanguage\":\"en-US\"},{\"@type\":\"Organization\",\"@id\":\"https:\/\/soefe.com\/#organization\",\"name\":\"Soefe\",\"url\":\"https:\/\/soefe.com\/\",\"logo\":{\"@type\":\"ImageObject\",\"inLanguage\":\"en-US\",\"@id\":\"https:\/\/soefe.com\/#\/schema\/logo\/image\/\",\"url\":\"https:\/\/soefe.com\/wp-content\/uploads\/2023\/06\/logo-2.png\",\"contentUrl\":\"https:\/\/soefe.com\/wp-content\/uploads\/2023\/06\/logo-2.png\",\"width\":348,\"height\":82,\"caption\":\"Soefe\"},\"image\":{\"@id\":\"https:\/\/soefe.com\/#\/schema\/logo\/image\/\"}}]}<\/script>\n<!-- \/ Yoast SEO plugin. -->","yoast_head_json":{"title":"Contact Us - Soefe","robots":{"index":"index","follow":"follow","max-snippet":"max-snippet:-1","max-image-preview":"max-image-preview:large","max-video-preview":"max-video-preview:-1"},"canonical":"https:\/\/soefe.com\/en\/contact-us\/","og_locale":"en_US","og_type":"article","og_title":"Contact Us - Soefe","og_description":"Cont\u00e1ctanos Cont\u00e1ctanos Ll\u00e1manos CR: +(506) 8874-2197","og_url":"https:\/\/soefe.com\/en\/contact-us\/","og_site_name":"Soefe","article_modified_time":"2025-04-28T17:54:40+00:00","twitter_card":"summary_large_image","twitter_misc":{"Est. reading time":"1 minute"},"schema":{"@context":"https:\/\/schema.org","@graph":[{"@type":"WebPage","@id":"https:\/\/soefe.com\/contact-us\/","url":"https:\/\/soefe.com\/contact-us\/","name":"Contact Us - Soefe","isPartOf":{"@id":"https:\/\/soefe.com\/#website"},"datePublished":"2023-06-20T22:24:26+00:00","dateModified":"2025-04-28T17:54:40+00:00","breadcrumb":{"@id":"https:\/\/soefe.com\/contact-us\/#breadcrumb"},"inLanguage":"en-US","potentialAction":[{"@type":"ReadAction","target":["https:\/\/soefe.com\/contact-us\/"]}]},{"@type":"BreadcrumbList","@id":"https:\/\/soefe.com\/contact-us\/#breadcrumb","itemListElement":[{"@type":"ListItem","position":1,"name":"Portada","item":"https:\/\/soefe.com\/"},{"@type":"ListItem","position":2,"name":"Contact Us"}]},{"@type":"WebSite","@id":"https:\/\/soefe.com\/#website","url":"https:\/\/soefe.com\/","name":"Soefe","description":"Software solutions for your company or business, software leasing and custom development","publisher":{"@id":"https:\/\/soefe.com\/#organization"},"potentialAction":[{"@type":"SearchAction","target":{"@type":"EntryPoint","urlTemplate":"https:\/\/soefe.com\/?s={search_term_string}"},"query-input":{"@type":"PropertyValueSpecification","valueRequired":true,"valueName":"search_term_string"}}],"inLanguage":"en-US"},{"@type":"Organization","@id":"https:\/\/soefe.com\/#organization","name":"Soefe","url":"https:\/\/soefe.com\/","logo":{"@type":"ImageObject","inLanguage":"en-US","@id":"https:\/\/soefe.com\/#\/schema\/logo\/image\/","url":"https:\/\/soefe.com\/wp-content\/uploads\/2023\/06\/logo-2.png","contentUrl":"https:\/\/soefe.com\/wp-content\/uploads\/2023\/06\/logo-2.png","width":348,"height":82,"caption":"Soefe"},"image":{"@id":"https:\/\/soefe.com\/#\/schema\/logo\/image\/"}}]}},"_links":{"self":[{"href":"https:\/\/soefe.com\/en\/wp-json\/wp\/v2\/pages\/528","targetHints":{"allow":["GET"]}}],"collection":[{"href":"https:\/\/soefe.com\/en\/wp-json\/wp\/v2\/pages"}],"about":[{"href":"https:\/\/soefe.com\/en\/wp-json\/wp\/v2\/types\/page"}],"author":[{"embeddable":true,"href":"https:\/\/soefe.com\/en\/wp-json\/wp\/v2\/users\/1"}],"replies":[{"embeddable":true,"href":"https:\/\/soefe.com\/en\/wp-json\/wp\/v2\/comments?post=528"}],"version-history":[{"count":70,"href":"https:\/\/soefe.com\/en\/wp-json\/wp\/v2\/pages\/528\/revisions"}],"predecessor-version":[{"id":4327,"href":"https:\/\/soefe.com\/en\/wp-json\/wp\/v2\/pages\/528\/revisions\/4327"}],"wp:attachment":[{"href":"https:\/\/soefe.com\/en\/wp-json\/wp\/v2\/media?parent=528"}],"curies":[{"name":"wp","href":"https:\/\/api.w.org\/{rel}","templated":true}]}}